{"id":361,"date":"2023-11-07T13:02:12","date_gmt":"2023-11-07T13:02:12","guid":{"rendered":"https:\/\/extracom.com.br\/e-book-os-segredos-da-embalagem\/?page_id=361"},"modified":"2023-11-07T13:31:31","modified_gmt":"2023-11-07T13:31:31","slug":"politicas-de-privacidade","status":"publish","type":"page","link":"https:\/\/extracom.com.br\/e-book-os-segredos-da-embalagem\/politicas-de-privacidade\/","title":{"rendered":"Pol\u00edticas de Privacidade"},"content":{"rendered":"\t\t<div data-elementor-type=\"wp-page\" data-elementor-id=\"361\" class=\"elementor elementor-361\" data-elementor-post-type=\"page\">\n\t\t\t\t<div class=\"elementor-element elementor-element-eacbba6 e-flex e-con-boxed e-con e-parent\" data-id=\"eacbba6\" data-element_type=\"container\" data-settings=\"{&quot;background_background&quot;:&quot;classic&quot;}\">\n\t\t\t\t\t<div class=\"e-con-inner\">\n\t\t\t\t<div class=\"elementor-element elementor-element-bf8391b elementor-widget elementor-widget-heading\" data-id=\"bf8391b\" data-element_type=\"widget\" data-widget_type=\"heading.default\">\n\t\t\t\t<div class=\"elementor-widget-container\">\n\t\t\t\t\t<h2 class=\"elementor-heading-title elementor-size-default\">Pol\u00edticas de Privacidade<\/h2>\t\t\t\t<\/div>\n\t\t\t\t<\/div>\n\t\t\t\t\t<\/div>\n\t\t\t\t<\/div>\n\t\t<div class=\"elementor-element elementor-element-30ae053 e-flex e-con-boxed e-con e-parent\" data-id=\"30ae053\" data-element_type=\"container\">\n\t\t\t\t\t<div class=\"e-con-inner\">\n\t\t\t\t<div class=\"elementor-element elementor-element-1c34d00 elementor-widget elementor-widget-text-editor\" data-id=\"1c34d00\" data-element_type=\"widget\" data-widget_type=\"text-editor.default\">\n\t\t\t\t<div class=\"elementor-widget-container\">\n\t\t\t\t\t\t\t\t\t<p>N\u00f3s, da EXTRA Comunica\u00e7\u00e3o, estamos comprometidos em resguardar sua privacidade. O intuito deste documento \u00e9 esclarecer quais informa\u00e7\u00f5es s\u00e3o coletadas dos usu\u00e1rios de nosso site\u00a0<a href=\"http:\/\/www.extracom.com.br\/\" target=\"_blank\" rel=\"noopener noreferrer\">www.extracom.com.br<\/a>\u00a0e respectivos servi\u00e7os \u2013 \u00a0e de que forma esses dados s\u00e3o manipulados e utilizados.<\/p><p>Alertamos que se voc\u00ea n\u00e3o concorda com o conte\u00fado desta pol\u00edtica, n\u00e3o \u00e9 recomend\u00e1vel baixar nossos materiais nem utilizar quaisquer de nossos servi\u00e7os.<\/p><p><strong>Sobre a coleta de dados<\/strong><\/p><p>Em nossos sites, as informa\u00e7\u00f5es s\u00e3o coletadas das seguintes formas:<\/p><p>Informa\u00e7\u00f5es fornecidas por voc\u00ea \u2013 Coletamos informa\u00e7\u00f5es de identifica\u00e7\u00e3o pessoal \u2013 como nome, telefone, email, empresa em que trabalha e cargo \u2013 via preenchimento dos formul\u00e1rios para download de nossos conte\u00fados gratuitos. Eventualmente, a solicita\u00e7\u00e3o algumas informa\u00e7\u00f5es podem ser feitas por meio de contato direto da EXTRA Comunica\u00e7\u00e3o com os usu\u00e1rios via email ou telefone.<\/p><p>Informa\u00e7\u00f5es de navega\u00e7\u00e3o no site \u2013 Quando voc\u00ea visita nosso site, \u00e9 inserido um \u2018cookie\u2019 no seu navegador por meio do software Google Analytics, para identificar quantas vezes voc\u00ea retorna ao nosso endere\u00e7o. S\u00e3o coletadas, anonimamente, informa\u00e7\u00f5es, como endere\u00e7o IP, localiza\u00e7\u00e3o geogr\u00e1fica, fonte de refer\u00eancia, tipo de navegador, dura\u00e7\u00e3o da visita e p\u00e1ginas visitadas.<\/p><p>Hist\u00f3rico de contato \u2013 Aqui na EXTRA Comunica\u00e7\u00e3o armazenamos informa\u00e7\u00f5es a respeito de todos os contatos j\u00e1 realizados com nossos usu\u00e1rios, como conte\u00fados baixados a partir de nossas p\u00e1ginas e intera\u00e7\u00f5es via email.<\/p><p><strong>Sobre o uso de suas Informa\u00e7\u00f5es Pessoais<\/strong><\/p><p>O presente termo permite que a EXTRA Comunica\u00e7\u00e3o use suas informa\u00e7\u00f5es pessoais para diferentes finalidades.<\/p><p>O email \u00e9 utilizado para a opera\u00e7\u00e3o de envio do material ou informa\u00e7\u00e3o por voc\u00ea requisitada no preenchimento do formul\u00e1rio. Tamb\u00e9m pode ser usado para envio de Newsletters, sempre relacionadas ao tema Cria\u00e7\u00e3o de Embalagens e Design.<\/p><p>Por fim, o email ser\u00e1 utilizado ainda para comunicar o lan\u00e7amento de novos materiais gratuitos ou de novos produtos da EXTRA Comunica\u00e7\u00e3o e parceiros. No entanto, o usu\u00e1rio pode cancelar a assinatura a qualquer momento.<\/p><p>Os dados de download poder\u00e3o ser divulgados como pesquisas e estat\u00edsticas, n\u00e3o sendo reveladas abertamente nenhuma informa\u00e7\u00e3o pessoal, a menos que autorizada explicitamente.<\/p><p>Funcion\u00e1rios da EXTRA Comunica\u00e7\u00e3o poder\u00e3o eventualmente entrar em contato via email ou telefone para fazer pesquisas ou apresentar produtos e servi\u00e7os.<\/p><p>Suas informa\u00e7\u00f5es pessoais ser\u00e3o compartilhadas com nossos parceiros apenas quando a parceria estiver expl\u00edcita na p\u00e1gina onde consta o formul\u00e1rio para o recebimento de conte\u00fado educativo.<\/p><p><strong>Sobre o acesso \u00e0s suas informa\u00e7\u00f5es pessoais<\/strong><\/p><p>Poder\u00e3o ver suas informa\u00e7\u00f5es pessoais apenas funcion\u00e1rios da EXTRA Comunica\u00e7\u00e3o. Eventualmente, caso a inser\u00e7\u00e3o de suas informa\u00e7\u00f5es se d\u00ea em a\u00e7\u00f5es criadas em parcerias, os parceiros explicitamente identificados tamb\u00e9m ter\u00e3o acesso \u00e0 informa\u00e7\u00e3o. \u00a0Nenhuma informa\u00e7\u00e3o pessoal poder\u00e1 ser divulgada publicamente.<\/p><p>A EXTRA Comunica\u00e7\u00e3o tamb\u00e9m se compromete a n\u00e3o vender, alugar ou repassar suas informa\u00e7\u00f5es para terceiros. A \u00fanica exce\u00e7\u00e3o est\u00e1 em casos em que essas informa\u00e7\u00f5es forem exigidas judicialmente.<\/p><p>Al\u00e9m disso, embora trabalhemos com boas pr\u00e1ticas de prote\u00e7\u00e3o e seguran\u00e7a, nenhum servi\u00e7o web possui 100% de garantia contra invas\u00f5es e n\u00e3o podemos nos responsabilizar caso isso ocorra.<\/p><p><strong>Sobre o compartilhamento de conte\u00fado nas redes sociais<\/strong><\/p><p>Ao clicar nos bot\u00f5es de compartilhamento de conte\u00fado nas m\u00eddias sociais dispon\u00edveis em nossas p\u00e1ginas, o usu\u00e1rio estar\u00e1 publicando o conte\u00fado por meio de seu perfil na rede selecionada. A EXTRA Comunica\u00e7\u00e3o n\u00e3o t\u00eam acesso ao login e senha dos usu\u00e1rios nessas redes, nem publicar\u00e1 conte\u00fado em nome do usu\u00e1rio sem que ele autorize esta a\u00e7\u00e3o.<\/p><p><strong>Sobre o cancelamento da assinatura e altera\u00e7\u00e3o\/exclus\u00e3o de informa\u00e7\u00f5es pessoais<\/strong><\/p><p>Voc\u00ea pode optar por n\u00e3o receber mais qualquer tipo de email da EXTRA Comunica\u00e7\u00e3o.<\/p><p>Em todos os emails que enviamos h\u00e1 sempre um link para cancelar a assinatura dispon\u00edvel nas \u00faltimas linhas. Ao clicar nesse link voc\u00ea ser\u00e1 automaticamente descadastrado da lista.<\/p><p>\u00c9 importante mencionar que ao preencher qualquer formul\u00e1rio novamente ficar\u00e1 caracterizada a reinser\u00e7\u00e3o do seu email \u00e0 lista. Portanto, a requisi\u00e7\u00e3o de cancelamento deve ser feita novamente caso seja de seu interesse.<\/p><p>Para alterar suas informa\u00e7\u00f5es pessoais ou mesmo exclu\u00ed-las do nosso banco de dados, basta enviar um email para faleconosco@extracom.com.br.<\/p><p><strong>Mudan\u00e7as na Pol\u00edtica de Privacidade<\/strong><\/p><p>Essa Pol\u00edtica de Privacidade pode passar por atualiza\u00e7\u00f5es. Desta forma, recomendamos visitar periodicamente esta p\u00e1gina para que voc\u00ea tenha conhecimento sobre as modifica\u00e7\u00f5es.<\/p><p>Antes de usar informa\u00e7\u00f5es para outros fins que n\u00e3o os definidos nesta Pol\u00edtica de Privacidade, solicitaremos sua autoriza\u00e7\u00e3o.<\/p><p><strong>Contato com a EXTRA Comunica\u00e7\u00e3o para esclarecimento de d\u00favidas<\/strong><\/p><p>Qualquer d\u00favida em rela\u00e7\u00e3o \u00e0 nossa pol\u00edtica de privacidade pode ser esclarecida entrando em contato conosco.<\/p><p>Envie um email para: contato2@extracom.com.br<\/p>\t\t\t\t\t\t\t\t<\/div>\n\t\t\t\t<\/div>\n\t\t\t\t\t<\/div>\n\t\t\t\t<\/div>\n\t\t\t\t<\/div>\n\t\t","protected":false},"excerpt":{"rendered":"<p>Pol\u00edticas de Privacidade N\u00f3s, da EXTRA Comunica\u00e7\u00e3o, estamos comprometidos em resguardar sua privacidade. O intuito deste documento \u00e9 esclarecer quais informa\u00e7\u00f5es s\u00e3o coletadas dos usu\u00e1rios de nosso site\u00a0www.extracom.com.br\u00a0e respectivos servi\u00e7os \u2013 \u00a0e de que forma esses dados s\u00e3o manipulados e utilizados. Alertamos que se voc\u00ea n\u00e3o concorda com o conte\u00fado desta pol\u00edtica, n\u00e3o \u00e9 recomend\u00e1vel [&hellip;]<\/p>\n","protected":false},"author":1,"featured_media":0,"parent":0,"menu_order":0,"comment_status":"closed","ping_status":"closed","template":"elementor_header_footer","meta":{"footnotes":""},"class_list":["post-361","page","type-page","status-publish","hentry"],"_links":{"self":[{"href":"https:\/\/extracom.com.br\/e-book-os-segredos-da-embalagem\/wp-json\/wp\/v2\/pages\/361","targetHints":{"allow":["GET"]}}],"collection":[{"href":"https:\/\/extracom.com.br\/e-book-os-segredos-da-embalagem\/wp-json\/wp\/v2\/pages"}],"about":[{"href":"https:\/\/extracom.com.br\/e-book-os-segredos-da-embalagem\/wp-json\/wp\/v2\/types\/page"}],"author":[{"embeddable":true,"href":"https:\/\/extracom.com.br\/e-book-os-segredos-da-embalagem\/wp-json\/wp\/v2\/users\/1"}],"replies":[{"embeddable":true,"href":"https:\/\/extracom.com.br\/e-book-os-segredos-da-embalagem\/wp-json\/wp\/v2\/comments?post=361"}],"version-history":[{"count":10,"href":"https:\/\/extracom.com.br\/e-book-os-segredos-da-embalagem\/wp-json\/wp\/v2\/pages\/361\/revisions"}],"predecessor-version":[{"id":401,"href":"https:\/\/extracom.com.br\/e-book-os-segredos-da-embalagem\/wp-json\/wp\/v2\/pages\/361\/revisions\/401"}],"wp:attachment":[{"href":"https:\/\/extracom.com.br\/e-book-os-segredos-da-embalagem\/wp-json\/wp\/v2\/media?parent=361"}],"curies":[{"name":"wp","href":"https:\/\/api.w.org\/{rel}","templated":true}]}}